{"id":2860,"date":"2025-11-21T13:44:53","date_gmt":"2025-11-21T13:44:53","guid":{"rendered":"https:\/\/cosporti.com\/?page_id=2860"},"modified":"2026-03-19T09:51:32","modified_gmt":"2026-03-19T09:51:32","slug":"newsroom","status":"publish","type":"page","link":"https:\/\/cosporti.com\/it\/newsroom\/","title":{"rendered":"Novit\u00e0"},"content":{"rendered":"<div style=\"height:50px\" aria-hidden=\"true\" class=\"wp-block-spacer\"><\/div>\n\n\n\n<h1 class=\"newsroom-main-title wp-block-heading has-text-align-center has-text-color has-link-color wp-elements-ec566cc9fa9c5f204ca8e1f812fbe8c4\" style=\"color:#141414\">Novit\u00e0<\/h1>\n\n\n\n<p class=\"has-text-align-center\" style=\"font-size:1.5rem;line-height:1.1\"><strong>Scopri le ultime novit\u00e0 su Cosporti, le nuove funzionalit\u00e0 e le attivit\u00e0 della community.<\/strong><\/p>\n\n\n\n<div style=\"height:5px\" aria-hidden=\"true\" class=\"wp-block-spacer\"><\/div>\n\n\n\n<div class=\"wp-block-columns alignfull is-layout-flex wp-container-core-columns-is-layout-b90b73fa wp-block-columns-is-layout-flex\" style=\"padding-top:2rem;padding-right:2rem;padding-bottom:2rem;padding-left:2rem\">\n<div class=\"wp-block-column is-layout-flow wp-block-column-is-layout-flow\">\n<div class=\"wp-block-query is-layout-flow wp-block-query-is-layout-flow\"><ul class=\"columns-3 newsroom-ql wp-block-post-template is-layout-grid wp-container-core-post-template-is-layout-f34718ff wp-block-post-template-is-layout-grid\"><li class=\"wp-block-post post-2849 post type-post status-publish format-standard has-post-thumbnail hentry category-life-style\">\n<figure style=\"aspect-ratio:4\/3; padding-top:0;padding-bottom:0;\" class=\"wp-block-post-featured-image\"><a href=\"https:\/\/cosporti.com\/it\/sport-after-work\/\" target=\"_self\"  ><img fetchpriority=\"high\" decoding=\"async\" width=\"1000\" height=\"1091\" src=\"https:\/\/cosporti.com\/wp-content\/uploads\/2025\/11\/Booking-a-Table-Tennis-Activity-Online.webp\" class=\"attachment-post-thumbnail size-post-thumbnail wp-post-image\" alt=\"Why Sport After Work Matters\" style=\"border-radius:20px;width:100%;height:100%;object-fit:cover;\" srcset=\"https:\/\/cosporti.com\/wp-content\/uploads\/2025\/11\/Booking-a-Table-Tennis-Activity-Online.webp 1000w, https:\/\/cosporti.com\/wp-content\/uploads\/2025\/11\/Booking-a-Table-Tennis-Activity-Online-275x300.webp 275w, https:\/\/cosporti.com\/wp-content\/uploads\/2025\/11\/Booking-a-Table-Tennis-Activity-Online-939x1024.webp 939w, https:\/\/cosporti.com\/wp-content\/uploads\/2025\/11\/Booking-a-Table-Tennis-Activity-Online-768x838.webp 768w, https:\/\/cosporti.com\/wp-content\/uploads\/2025\/11\/Booking-a-Table-Tennis-Activity-Online-11x12.webp 11w\" sizes=\"(max-width: 1000px) 100vw, 1000px\" \/><\/a><\/figure>\n\n\n<div style=\"height:20px\" aria-hidden=\"true\" class=\"wp-block-spacer\"><\/div>\n\n\n<div style=\"color:#141414; font-style:normal;font-weight:400;\" class=\"has-text-align-left has-link-color wp-elements-29701c4bf8b026fc08bb8860bd5ce89b wp-block-post-date has-text-color\"><time datetime=\"2025-11-21T11:39:17+00:00\">Novembre 21, 2025<\/time><\/div>\n\n\n<div style=\"height:10px\" aria-hidden=\"true\" class=\"wp-block-spacer\"><\/div>\n\n\n<h2 style=\"color:#141414; font-size:24px;\" class=\"has-link-color wp-elements-04ccb25426a00eea055f452913dc06c5 wp-block-post-title has-text-color\"><a href=\"https:\/\/cosporti.com\/it\/sport-after-work\/\" target=\"_self\" >Perch\u00e9 fare sport dopo il lavoro \u00e8 importante<\/a><\/h2>\n<\/li><li class=\"wp-block-post post-506 post type-post status-publish format-standard has-post-thumbnail hentry category-life-style\">\n<figure style=\"aspect-ratio:4\/3; padding-top:0;padding-bottom:0;\" class=\"wp-block-post-featured-image\"><a href=\"https:\/\/cosporti.com\/it\/sport-and-community\/\" target=\"_self\"  ><img decoding=\"async\" width=\"1000\" height=\"1091\" src=\"https:\/\/cosporti.com\/wp-content\/uploads\/2025\/11\/Padel-Racket-on-Outdoor-Court-Fence-1.webp\" class=\"attachment-post-thumbnail size-post-thumbnail wp-post-image\" alt=\"Sport, Community, and the Activities You Can Find on Cosporti\" style=\"border-radius:20px;width:100%;height:100%;object-fit:cover;\" srcset=\"https:\/\/cosporti.com\/wp-content\/uploads\/2025\/11\/Padel-Racket-on-Outdoor-Court-Fence-1.webp 1000w, https:\/\/cosporti.com\/wp-content\/uploads\/2025\/11\/Padel-Racket-on-Outdoor-Court-Fence-1-275x300.webp 275w, https:\/\/cosporti.com\/wp-content\/uploads\/2025\/11\/Padel-Racket-on-Outdoor-Court-Fence-1-939x1024.webp 939w, https:\/\/cosporti.com\/wp-content\/uploads\/2025\/11\/Padel-Racket-on-Outdoor-Court-Fence-1-768x838.webp 768w, https:\/\/cosporti.com\/wp-content\/uploads\/2025\/11\/Padel-Racket-on-Outdoor-Court-Fence-1-11x12.webp 11w\" sizes=\"(max-width: 1000px) 100vw, 1000px\" \/><\/a><\/figure>\n\n\n<div style=\"height:20px\" aria-hidden=\"true\" class=\"wp-block-spacer\"><\/div>\n\n\n<div style=\"color:#141414; font-style:normal;font-weight:400;\" class=\"has-text-align-left has-link-color wp-elements-29701c4bf8b026fc08bb8860bd5ce89b wp-block-post-date has-text-color\"><time datetime=\"2025-11-16T20:34:02+00:00\">Novembre 16, 2025<\/time><\/div>\n\n\n<div style=\"height:10px\" aria-hidden=\"true\" class=\"wp-block-spacer\"><\/div>\n\n\n<h2 style=\"color:#141414; font-size:24px;\" class=\"has-link-color wp-elements-04ccb25426a00eea055f452913dc06c5 wp-block-post-title has-text-color\"><a href=\"https:\/\/cosporti.com\/it\/sport-and-community\/\" target=\"_self\" >Sport, community e le attivit\u00e0 che puoi trovare su Cosporti<\/a><\/h2>\n<\/li><li class=\"wp-block-post post-504 post type-post status-publish format-standard has-post-thumbnail hentry category-life-style\">\n<figure style=\"aspect-ratio:4\/3; padding-top:0;padding-bottom:0;\" class=\"wp-block-post-featured-image\"><a href=\"https:\/\/cosporti.com\/it\/sports-activity-app-cosporti\/\" target=\"_self\"  ><img decoding=\"async\" width=\"1000\" height=\"1091\" src=\"https:\/\/cosporti.com\/wp-content\/uploads\/2025\/11\/Cosporti-with-game-balls-volleyball-basketball-and-football-.jpg\" class=\"attachment-post-thumbnail size-post-thumbnail wp-post-image\" alt=\"What Is Cosporti and What the App Does\" style=\"border-radius:20px;width:100%;height:100%;object-fit:cover;\" srcset=\"https:\/\/cosporti.com\/wp-content\/uploads\/2025\/11\/Cosporti-with-game-balls-volleyball-basketball-and-football-.jpg 1000w, https:\/\/cosporti.com\/wp-content\/uploads\/2025\/11\/Cosporti-with-game-balls-volleyball-basketball-and-football--275x300.jpg 275w, https:\/\/cosporti.com\/wp-content\/uploads\/2025\/11\/Cosporti-with-game-balls-volleyball-basketball-and-football--939x1024.jpg 939w, https:\/\/cosporti.com\/wp-content\/uploads\/2025\/11\/Cosporti-with-game-balls-volleyball-basketball-and-football--768x838.jpg 768w, https:\/\/cosporti.com\/wp-content\/uploads\/2025\/11\/Cosporti-with-game-balls-volleyball-basketball-and-football--11x12.jpg 11w\" sizes=\"(max-width: 1000px) 100vw, 1000px\" \/><\/a><\/figure>\n\n\n<div style=\"height:20px\" aria-hidden=\"true\" class=\"wp-block-spacer\"><\/div>\n\n\n<div style=\"color:#141414; font-style:normal;font-weight:400;\" class=\"has-text-align-left has-link-color wp-elements-29701c4bf8b026fc08bb8860bd5ce89b wp-block-post-date has-text-color\"><time datetime=\"2025-11-16T20:33:45+00:00\">Novembre 16, 2025<\/time><\/div>\n\n\n<div style=\"height:10px\" aria-hidden=\"true\" class=\"wp-block-spacer\"><\/div>\n\n\n<h2 style=\"color:#141414; font-size:24px;\" class=\"has-link-color wp-elements-04ccb25426a00eea055f452913dc06c5 wp-block-post-title has-text-color\"><a href=\"https:\/\/cosporti.com\/it\/sports-activity-app-cosporti\/\" target=\"_self\" >Cos\u2019\u00e8 Cosporti e cosa fa l\u2019app<\/a><\/h2>\n<\/li><\/ul>\n\n\n<div style=\"height:40px\" aria-hidden=\"true\" class=\"wp-block-spacer\"><\/div>\n\n\n\n\n\n\n\n<div style=\"height:200px\" aria-hidden=\"true\" class=\"wp-block-spacer\"><\/div>\n<\/div>\n<\/div>\n<\/div>","protected":false},"excerpt":{"rendered":"<p>Newsroom Discover the latest updates on Cosporti, new features, and community activities.<\/p>","protected":false},"author":1,"featured_media":4102,"parent":0,"menu_order":0,"comment_status":"closed","ping_status":"closed","template":"","meta":{"site-sidebar-layout":"default","site-content-layout":"","ast-site-content-layout":"default","site-content-style":"default","site-sidebar-style":"default","ast-global-header-display":"","ast-banner-title-visibility":"","ast-main-header-display":"","ast-hfb-above-header-display":"","ast-hfb-below-header-display":"","ast-hfb-mobile-header-display":"","site-post-title":"disabled","ast-breadcrumbs-content":"","ast-featured-img":"disabled","footer-sml-layout":"","ast-disable-related-posts":"","theme-transparent-header-meta":"","adv-header-id-meta":"","stick-header-meta":"","header-above-stick-meta":"","header-main-stick-meta":"","header-below-stick-meta":"","astra-migrate-meta-layouts":"default","ast-page-background-enabled":"default","ast-page-background-meta":{"desktop":{"background-color":"var(--ast-global-color-5)","background-image":"","background-repeat":"repeat","background-position":"center center","background-size":"auto","background-attachment":"scroll","background-type":"","background-media":"","overlay-type":"","overlay-color":"","overlay-opacity":"","overlay-gradient":""},"tablet":{"background-color":"","background-image":"","background-repeat":"repeat","background-position":"center center","background-size":"auto","background-attachment":"scroll","background-type":"","background-media":"","overlay-type":"","overlay-color":"","overlay-opacity":"","overlay-gradient":""},"mobile":{"background-color":"","background-image":"","background-repeat":"repeat","background-position":"center center","background-size":"auto","background-attachment":"scroll","background-type":"","background-media":"","overlay-type":"","overlay-color":"","overlay-opacity":"","overlay-gradient":""}},"ast-content-background-meta":{"desktop":{"background-color":"var(--ast-global-color-4)","background-image":"","background-repeat":"repeat","background-position":"center center","background-size":"auto","background-attachment":"scroll","background-type":"","background-media":"","overlay-type":"","overlay-color":"","overlay-opacity":"","overlay-gradient":""},"tablet":{"background-color":"var(--ast-global-color-4)","background-image":"","background-repeat":"repeat","background-position":"center center","background-size":"auto","background-attachment":"scroll","background-type":"","background-media":"","overlay-type":"","overlay-color":"","overlay-opacity":"","overlay-gradient":""},"mobile":{"background-color":"var(--ast-global-color-4)","background-image":"","background-repeat":"repeat","background-position":"center center","background-size":"auto","background-attachment":"scroll","background-type":"","background-media":"","overlay-type":"","overlay-color":"","overlay-opacity":"","overlay-gradient":""}},"footnotes":""},"class_list":["post-2860","page","type-page","status-publish","has-post-thumbnail","hentry"],"yoast_head":"<!-- This site is optimized with the Yoast SEO plugin v27.4 - https:\/\/yoast.com\/product\/yoast-seo-wordpress\/ -->\n<title>Newsroom - Cosporti<\/title>\n<meta name=\"description\" content=\"Visit the Cosporti newsroom for company updates, announcements, and news from the sports community platform.\" \/>\n<meta name=\"robots\" content=\"index, follow, max-snippet:-1, max-image-preview:large, max-video-preview:-1\" \/>\n<link rel=\"canonical\" href=\"https:\/\/cosporti.com\/it\/newsroom\/\" \/>\n<meta property=\"og:locale\" content=\"it_IT\" \/>\n<meta property=\"og:type\" content=\"article\" \/>\n<meta property=\"og:title\" content=\"Newsroom - Cosporti\" \/>\n<meta property=\"og:description\" content=\"Visit the Cosporti newsroom for company updates, announcements, and news from the sports community platform.\" \/>\n<meta property=\"og:url\" content=\"https:\/\/cosporti.com\/it\/newsroom\/\" \/>\n<meta property=\"og:site_name\" content=\"Cosporti\" \/>\n<meta property=\"article:modified_time\" content=\"2026-03-19T09:51:32+00:00\" \/>\n<meta property=\"og:image\" content=\"https:\/\/cosporti.com\/wp-content\/uploads\/2026\/03\/Cosporti-Meta-Image.webp\" \/>\n\t<meta property=\"og:image:width\" content=\"512\" \/>\n\t<meta property=\"og:image:height\" content=\"512\" \/>\n\t<meta property=\"og:image:type\" content=\"image\/webp\" \/>\n<meta name=\"twitter:card\" content=\"summary_large_image\" \/>\n<meta name=\"twitter:label1\" content=\"Tempo di lettura stimato\" \/>\n\t<meta name=\"twitter:data1\" content=\"1 minuto\" \/>\n<script type=\"application\/ld+json\" class=\"yoast-schema-graph\">{\"@context\":\"https:\\\/\\\/schema.org\",\"@graph\":[{\"@type\":\"WebPage\",\"@id\":\"https:\\\/\\\/cosporti.com\\\/newsroom\\\/\",\"url\":\"https:\\\/\\\/cosporti.com\\\/newsroom\\\/\",\"name\":\"Newsroom - Cosporti\",\"isPartOf\":{\"@id\":\"https:\\\/\\\/cosporti.com\\\/#website\"},\"primaryImageOfPage\":{\"@id\":\"https:\\\/\\\/cosporti.com\\\/newsroom\\\/#primaryimage\"},\"image\":{\"@id\":\"https:\\\/\\\/cosporti.com\\\/newsroom\\\/#primaryimage\"},\"thumbnailUrl\":\"https:\\\/\\\/cosporti.com\\\/wp-content\\\/uploads\\\/2026\\\/03\\\/Cosporti-Meta-Image.webp\",\"datePublished\":\"2025-11-21T13:44:53+00:00\",\"dateModified\":\"2026-03-19T09:51:32+00:00\",\"description\":\"Visit the Cosporti newsroom for company updates, announcements, and news from the sports community platform.\",\"breadcrumb\":{\"@id\":\"https:\\\/\\\/cosporti.com\\\/newsroom\\\/#breadcrumb\"},\"inLanguage\":\"it-IT\",\"potentialAction\":[{\"@type\":\"ReadAction\",\"target\":[\"https:\\\/\\\/cosporti.com\\\/newsroom\\\/\"]}]},{\"@type\":\"ImageObject\",\"inLanguage\":\"it-IT\",\"@id\":\"https:\\\/\\\/cosporti.com\\\/newsroom\\\/#primaryimage\",\"url\":\"https:\\\/\\\/cosporti.com\\\/wp-content\\\/uploads\\\/2026\\\/03\\\/Cosporti-Meta-Image.webp\",\"contentUrl\":\"https:\\\/\\\/cosporti.com\\\/wp-content\\\/uploads\\\/2026\\\/03\\\/Cosporti-Meta-Image.webp\",\"width\":512,\"height\":512,\"caption\":\"Cosporti-Meta-Image.webp\"},{\"@type\":\"BreadcrumbList\",\"@id\":\"https:\\\/\\\/cosporti.com\\\/newsroom\\\/#breadcrumb\",\"itemListElement\":[{\"@type\":\"ListItem\",\"position\":1,\"name\":\"Home\",\"item\":\"https:\\\/\\\/cosporti.com\\\/\"},{\"@type\":\"ListItem\",\"position\":2,\"name\":\"Newsroom\"}]},{\"@type\":\"WebSite\",\"@id\":\"https:\\\/\\\/cosporti.com\\\/#website\",\"url\":\"https:\\\/\\\/cosporti.com\\\/\",\"name\":\"Cosporti\",\"description\":\"Find and create sport activity with people in your city\",\"potentialAction\":[{\"@type\":\"SearchAction\",\"target\":{\"@type\":\"EntryPoint\",\"urlTemplate\":\"https:\\\/\\\/cosporti.com\\\/?s={search_term_string}\"},\"query-input\":{\"@type\":\"PropertyValueSpecification\",\"valueRequired\":true,\"valueName\":\"search_term_string\"}}],\"inLanguage\":\"it-IT\"}]}<\/script>\n<!-- \/ Yoast SEO plugin. -->","yoast_head_json":{"title":"Newsroom - Cosporti","description":"Visit the Cosporti newsroom for company updates, announcements, and news from the sports community platform.","robots":{"index":"index","follow":"follow","max-snippet":"max-snippet:-1","max-image-preview":"max-image-preview:large","max-video-preview":"max-video-preview:-1"},"canonical":"https:\/\/cosporti.com\/it\/newsroom\/","og_locale":"it_IT","og_type":"article","og_title":"Newsroom - Cosporti","og_description":"Visit the Cosporti newsroom for company updates, announcements, and news from the sports community platform.","og_url":"https:\/\/cosporti.com\/it\/newsroom\/","og_site_name":"Cosporti","article_modified_time":"2026-03-19T09:51:32+00:00","og_image":[{"width":512,"height":512,"url":"https:\/\/cosporti.com\/wp-content\/uploads\/2026\/03\/Cosporti-Meta-Image.webp","type":"image\/webp"}],"twitter_card":"summary_large_image","twitter_misc":{"Tempo di lettura stimato":"1 minuto"},"schema":{"@context":"https:\/\/schema.org","@graph":[{"@type":"WebPage","@id":"https:\/\/cosporti.com\/newsroom\/","url":"https:\/\/cosporti.com\/newsroom\/","name":"Newsroom - Cosporti","isPartOf":{"@id":"https:\/\/cosporti.com\/#website"},"primaryImageOfPage":{"@id":"https:\/\/cosporti.com\/newsroom\/#primaryimage"},"image":{"@id":"https:\/\/cosporti.com\/newsroom\/#primaryimage"},"thumbnailUrl":"https:\/\/cosporti.com\/wp-content\/uploads\/2026\/03\/Cosporti-Meta-Image.webp","datePublished":"2025-11-21T13:44:53+00:00","dateModified":"2026-03-19T09:51:32+00:00","description":"Visit the Cosporti newsroom for company updates, announcements, and news from the sports community platform.","breadcrumb":{"@id":"https:\/\/cosporti.com\/newsroom\/#breadcrumb"},"inLanguage":"it-IT","potentialAction":[{"@type":"ReadAction","target":["https:\/\/cosporti.com\/newsroom\/"]}]},{"@type":"ImageObject","inLanguage":"it-IT","@id":"https:\/\/cosporti.com\/newsroom\/#primaryimage","url":"https:\/\/cosporti.com\/wp-content\/uploads\/2026\/03\/Cosporti-Meta-Image.webp","contentUrl":"https:\/\/cosporti.com\/wp-content\/uploads\/2026\/03\/Cosporti-Meta-Image.webp","width":512,"height":512,"caption":"Cosporti-Meta-Image.webp"},{"@type":"BreadcrumbList","@id":"https:\/\/cosporti.com\/newsroom\/#breadcrumb","itemListElement":[{"@type":"ListItem","position":1,"name":"Home","item":"https:\/\/cosporti.com\/"},{"@type":"ListItem","position":2,"name":"Newsroom"}]},{"@type":"WebSite","@id":"https:\/\/cosporti.com\/#website","url":"https:\/\/cosporti.com\/","name":"Cosporti","description":"Trova e crea attivit\u00e0 sportive con persone nella tua citt\u00e0","potentialAction":[{"@type":"SearchAction","target":{"@type":"EntryPoint","urlTemplate":"https:\/\/cosporti.com\/?s={search_term_string}"},"query-input":{"@type":"PropertyValueSpecification","valueRequired":true,"valueName":"search_term_string"}}],"inLanguage":"it-IT"}]}},"_links":{"self":[{"href":"https:\/\/cosporti.com\/it\/wp-json\/wp\/v2\/pages\/2860","targetHints":{"allow":["GET"]}}],"collection":[{"href":"https:\/\/cosporti.com\/it\/wp-json\/wp\/v2\/pages"}],"about":[{"href":"https:\/\/cosporti.com\/it\/wp-json\/wp\/v2\/types\/page"}],"author":[{"embeddable":true,"href":"https:\/\/cosporti.com\/it\/wp-json\/wp\/v2\/users\/1"}],"replies":[{"embeddable":true,"href":"https:\/\/cosporti.com\/it\/wp-json\/wp\/v2\/comments?post=2860"}],"version-history":[{"count":21,"href":"https:\/\/cosporti.com\/it\/wp-json\/wp\/v2\/pages\/2860\/revisions"}],"predecessor-version":[{"id":3759,"href":"https:\/\/cosporti.com\/it\/wp-json\/wp\/v2\/pages\/2860\/revisions\/3759"}],"wp:featuredmedia":[{"embeddable":true,"href":"https:\/\/cosporti.com\/it\/wp-json\/wp\/v2\/media\/4102"}],"wp:attachment":[{"href":"https:\/\/cosporti.com\/it\/wp-json\/wp\/v2\/media?parent=2860"}],"curies":[{"name":"wp","href":"https:\/\/api.w.org\/{rel}","templated":true}]}}